{"id":236704,"date":"2020-07-15T09:18:06","date_gmt":"2020-07-15T08:18:06","guid":{"rendered":"https:\/\/www.magicmoble.com\/web\/?post_type=product&#038;p=236704"},"modified":"2022-11-25T16:58:32","modified_gmt":"2022-11-25T15:58:32","slug":"recibidor-dinor-06-color-roble-polar-y-plata","status":"publish","type":"product","link":"https:\/\/www.magicmoble.com\/web\/producto\/recibidor-dinor-06-color-roble-polar-y-plata\/","title":{"rendered":"Recibidor Dinor 06 color roble polar y plata"},"content":{"rendered":"<ul>\n<li>Consola con espejo roble polar detalles plata.<\/li>\n<li>Fabricado laca mate de alta calidad.<\/li>\n<li>Chapa roble natural de alta calidad.<\/li>\n<li>Caj\u00f3n con gu\u00edas met\u00e1licas y pulsador.<\/li>\n<li>Medidas consola 80cm ancho, 22cm fondo y 28cm alto.<\/li>\n<li>Medidas marco espejo 60cm ancho y 110cm alto.<\/li>\n<li>Disponible en varios colores y acabados.<\/li>\n<\/ul>\n","protected":false},"excerpt":{"rendered":"<ul>\n<li>Dise\u00f1o original y exuberante.<\/li>\n<li>Un toque distinguido para tu casa.<\/li>\n<li>Perfecto para espacios reducidos.<\/li>\n<li>Disponible en varios colores.<\/li>\n<\/ul>\n","protected":false},"featured_media":236804,"comment_status":"closed","ping_status":"closed","template":"","meta":[],"product_cat":[59,60],"product_tag":[],"class_list":{"0":"post-236704","1":"product","2":"type-product","3":"status-publish","4":"has-post-thumbnail","6":"product_cat-auxiliares","7":"product_cat-recibidores","9":"first","10":"instock","11":"shipping-taxable","12":"purchasable","13":"product-type-simple"},"_links":{"self":[{"href":"https:\/\/www.magicmoble.com\/web\/wp-json\/wp\/v2\/product\/236704","targetHints":{"allow":["GET"]}}],"collection":[{"href":"https:\/\/www.magicmoble.com\/web\/wp-json\/wp\/v2\/product"}],"about":[{"href":"https:\/\/www.magicmoble.com\/web\/wp-json\/wp\/v2\/types\/product"}],"replies":[{"embeddable":true,"href":"https:\/\/www.magicmoble.com\/web\/wp-json\/wp\/v2\/comments?post=236704"}],"wp:featuredmedia":[{"embeddable":true,"href":"https:\/\/www.magicmoble.com\/web\/wp-json\/wp\/v2\/media\/236804"}],"wp:attachment":[{"href":"https:\/\/www.magicmoble.com\/web\/wp-json\/wp\/v2\/media?parent=236704"}],"wp:term":[{"taxonomy":"product_cat","embeddable":true,"href":"https:\/\/www.magicmoble.com\/web\/wp-json\/wp\/v2\/product_cat?post=236704"},{"taxonomy":"product_tag","embeddable":true,"href":"https:\/\/www.magicmoble.com\/web\/wp-json\/wp\/v2\/product_tag?post=236704"}],"curies":[{"name":"wp","href":"https:\/\/api.w.org\/{rel}","templated":true}]}}