{"id":236703,"date":"2020-07-15T09:16:38","date_gmt":"2020-07-15T08:16:38","guid":{"rendered":"https:\/\/www.magicmoble.com\/web\/?post_type=product&#038;p=236703"},"modified":"2022-11-25T17:13:25","modified_gmt":"2022-11-25T16:13:25","slug":"recibidor-diclo-10-color-roble-y-arena","status":"publish","type":"product","link":"https:\/\/www.magicmoble.com\/web\/producto\/recibidor-diclo-10-color-roble-y-arena\/","title":{"rendered":"Recibidor Diclo 10 color roble y arena"},"content":{"rendered":"<ul>\n<li>Consola con espejo roble detalles arena.<\/li>\n<li>Fabricado laca mate de alta calidad.<\/li>\n<li>Chapa roble natural de alta calidad.<\/li>\n<li>Caj\u00f3n con gu\u00edas met\u00e1licas y pulsador.<\/li>\n<li>Medidas consola 110cm ancho, 27cm fondo y 81cm alto.<\/li>\n<li>Medidas marco espejo 94cm ancho y 118cm alto.<\/li>\n<li>Disponible en varios colores y acabados.<\/li>\n<li>Plazo de entrega entre 35 y 40 d\u00edas.<\/li>\n<\/ul>\n","protected":false},"excerpt":{"rendered":"<ul>\n<li>Dise\u00f1o singular y c\u00f3modo.<\/li>\n<li>Ideal para espacios con car\u00e1cter.<\/li>\n<li>Un toque natural para tu hogar.<\/li>\n<li>Disponible en varios colores.<\/li>\n<li>Plazo de entrega entre 35 y 40 d\u00edas.<\/li>\n<\/ul>\n","protected":false},"featured_media":236803,"comment_status":"closed","ping_status":"closed","template":"","meta":[],"product_cat":[59,60],"product_tag":[],"class_list":{"0":"post-236703","1":"product","2":"type-product","3":"status-publish","4":"has-post-thumbnail","6":"product_cat-auxiliares","7":"product_cat-recibidores","9":"first","10":"instock","11":"shipping-taxable","12":"purchasable","13":"product-type-simple"},"_links":{"self":[{"href":"https:\/\/www.magicmoble.com\/web\/wp-json\/wp\/v2\/product\/236703","targetHints":{"allow":["GET"]}}],"collection":[{"href":"https:\/\/www.magicmoble.com\/web\/wp-json\/wp\/v2\/product"}],"about":[{"href":"https:\/\/www.magicmoble.com\/web\/wp-json\/wp\/v2\/types\/product"}],"replies":[{"embeddable":true,"href":"https:\/\/www.magicmoble.com\/web\/wp-json\/wp\/v2\/comments?post=236703"}],"wp:featuredmedia":[{"embeddable":true,"href":"https:\/\/www.magicmoble.com\/web\/wp-json\/wp\/v2\/media\/236803"}],"wp:attachment":[{"href":"https:\/\/www.magicmoble.com\/web\/wp-json\/wp\/v2\/media?parent=236703"}],"wp:term":[{"taxonomy":"product_cat","embeddable":true,"href":"https:\/\/www.magicmoble.com\/web\/wp-json\/wp\/v2\/product_cat?post=236703"},{"taxonomy":"product_tag","embeddable":true,"href":"https:\/\/www.magicmoble.com\/web\/wp-json\/wp\/v2\/product_tag?post=236703"}],"curies":[{"name":"wp","href":"https:\/\/api.w.org\/{rel}","templated":true}]}}