{"id":236696,"date":"2020-07-15T09:06:24","date_gmt":"2020-07-15T08:06:24","guid":{"rendered":"https:\/\/www.magicmoble.com\/web\/?post_type=product&#038;p=236696"},"modified":"2022-11-25T16:56:07","modified_gmt":"2022-11-25T15:56:07","slug":"recibidor-dinor-05-color-piedra-y-blanco","status":"publish","type":"product","link":"https:\/\/www.magicmoble.com\/web\/producto\/recibidor-dinor-05-color-piedra-y-blanco\/","title":{"rendered":"Recibidor Dinor 05 color piedra y blanco"},"content":{"rendered":"<ul>\n<li>Consola con espejo color piedra detalles blanco.<\/li>\n<li>Fabricado laca mate de alta calidad.<\/li>\n<li>Caj\u00f3n con gu\u00edas met\u00e1licas y pulsador.<\/li>\n<li>Medidas consola 114cm ancho, 28cm fondo y 86cm alto.<\/li>\n<li>Medidas marco espejo 88cm ancho y 102cm alto.<\/li>\n<li>Disponible en varios colores y acabados.<\/li>\n<li>Plazo de entrega entre 35 y 40 d\u00edas.<\/li>\n<\/ul>\n","protected":false},"excerpt":{"rendered":"<ul>\n<li>Dise\u00f1o geom\u00e9trico y singular.<\/li>\n<li>Recibe a tu invitados con estilo.<\/li>\n<li>Ideal para pasillos estrechos.<\/li>\n<li>Disponible en varios colores.<\/li>\n<li>Plazo de entrega entre 35 y 40 d\u00edas.<\/li>\n<\/ul>\n","protected":false},"featured_media":236796,"comment_status":"closed","ping_status":"closed","template":"","meta":[],"product_cat":[59,60],"product_tag":[],"class_list":{"0":"post-236696","1":"product","2":"type-product","3":"status-publish","4":"has-post-thumbnail","6":"product_cat-auxiliares","7":"product_cat-recibidores","9":"first","10":"instock","11":"shipping-taxable","12":"purchasable","13":"product-type-simple"},"_links":{"self":[{"href":"https:\/\/www.magicmoble.com\/web\/wp-json\/wp\/v2\/product\/236696","targetHints":{"allow":["GET"]}}],"collection":[{"href":"https:\/\/www.magicmoble.com\/web\/wp-json\/wp\/v2\/product"}],"about":[{"href":"https:\/\/www.magicmoble.com\/web\/wp-json\/wp\/v2\/types\/product"}],"replies":[{"embeddable":true,"href":"https:\/\/www.magicmoble.com\/web\/wp-json\/wp\/v2\/comments?post=236696"}],"wp:featuredmedia":[{"embeddable":true,"href":"https:\/\/www.magicmoble.com\/web\/wp-json\/wp\/v2\/media\/236796"}],"wp:attachment":[{"href":"https:\/\/www.magicmoble.com\/web\/wp-json\/wp\/v2\/media?parent=236696"}],"wp:term":[{"taxonomy":"product_cat","embeddable":true,"href":"https:\/\/www.magicmoble.com\/web\/wp-json\/wp\/v2\/product_cat?post=236696"},{"taxonomy":"product_tag","embeddable":true,"href":"https:\/\/www.magicmoble.com\/web\/wp-json\/wp\/v2\/product_tag?post=236696"}],"curies":[{"name":"wp","href":"https:\/\/api.w.org\/{rel}","templated":true}]}}