{"id":233449,"date":"2020-05-08T12:07:00","date_gmt":"2020-05-08T11:07:00","guid":{"rendered":"https:\/\/www.magicmoble.com\/web\/?post_type=product&#038;p=233449"},"modified":"2022-12-17T13:06:52","modified_gmt":"2022-12-17T12:06:52","slug":"silla-comedor-poncol-05-ecopiel-marron","status":"publish","type":"product","link":"https:\/\/www.magicmoble.com\/web\/producto\/silla-comedor-poncol-05-ecopiel-marron\/","title":{"rendered":"Silla Comedor Poncol 05 ecopiel marr\u00f3n"},"content":{"rendered":"<ul>\n<li style=\"text-align: left;\">Silla comedor moderna tapizada en ecopiel marr\u00f3n.<\/li>\n<li style=\"text-align: left;\">Patas met\u00e1licas negro mate.<\/li>\n<li style=\"text-align: left;\">Medidas 61 ancho, 50cm fondo y 79cm alto.<\/li>\n<li>Plazo de entrega entre 35 y 40 d\u00edas.<\/li>\n<\/ul>\n","protected":false},"excerpt":{"rendered":"<ul>\n<li>Dise\u00f1o pr\u00e1ctico y din\u00e1mico.<\/li>\n<li>Elegante textura rombos.<\/li>\n<li>Pata apta para parquets.<\/li>\n<li>Crea espacios vers\u00e1tiles.<\/li>\n<li>Plazo de entrega entre 35 y 40 d\u00edas.<\/li>\n<\/ul>\n","protected":false},"featured_media":233451,"comment_status":"closed","ping_status":"closed","template":"","meta":[],"product_cat":[24,36],"product_tag":[],"class_list":{"0":"post-233449","1":"product","2":"type-product","3":"status-publish","4":"has-post-thumbnail","6":"product_cat-comedores","7":"product_cat-sillas","9":"first","10":"instock","11":"shipping-taxable","12":"purchasable","13":"product-type-simple"},"_links":{"self":[{"href":"https:\/\/www.magicmoble.com\/web\/wp-json\/wp\/v2\/product\/233449","targetHints":{"allow":["GET"]}}],"collection":[{"href":"https:\/\/www.magicmoble.com\/web\/wp-json\/wp\/v2\/product"}],"about":[{"href":"https:\/\/www.magicmoble.com\/web\/wp-json\/wp\/v2\/types\/product"}],"replies":[{"embeddable":true,"href":"https:\/\/www.magicmoble.com\/web\/wp-json\/wp\/v2\/comments?post=233449"}],"wp:featuredmedia":[{"embeddable":true,"href":"https:\/\/www.magicmoble.com\/web\/wp-json\/wp\/v2\/media\/233451"}],"wp:attachment":[{"href":"https:\/\/www.magicmoble.com\/web\/wp-json\/wp\/v2\/media?parent=233449"}],"wp:term":[{"taxonomy":"product_cat","embeddable":true,"href":"https:\/\/www.magicmoble.com\/web\/wp-json\/wp\/v2\/product_cat?post=233449"},{"taxonomy":"product_tag","embeddable":true,"href":"https:\/\/www.magicmoble.com\/web\/wp-json\/wp\/v2\/product_tag?post=233449"}],"curies":[{"name":"wp","href":"https:\/\/api.w.org\/{rel}","templated":true}]}}