{"id":232314,"date":"2020-04-11T16:55:29","date_gmt":"2020-04-11T15:55:29","guid":{"rendered":"https:\/\/www.magicmoble.com\/web\/?page_id=232314"},"modified":"2022-06-21T16:31:59","modified_gmt":"2022-06-21T15:31:59","slug":"politica-cookies","status":"publish","type":"page","link":"https:\/\/www.magicmoble.com\/web\/politica-cookies\/","title":{"rendered":"Pol\u00edtica de Cookies"},"content":{"rendered":"<div class=\"wpb-content-wrapper\"><p>[vc_row full_width=\u00bbstretch_row\u00bb css=\u00bb.vc_custom_1628690544217{margin-top: -40px !important;margin-bottom: 1vh !important;padding-top: 4vh !important;padding-bottom: 2vh !important;}\u00bb mobile_bg_img_hidden=\u00bbno\u00bb tablet_bg_img_hidden=\u00bbno\u00bb woodmart_parallax=\u00bb0&#8243; woodmart_gradient_switch=\u00bbno\u00bb row_reverse_mobile=\u00bb0&#8243; row_reverse_tablet=\u00bb0&#8243; woodmart_disable_overflow=\u00bb0&#8243;][vc_column width=\u00bb1\/2&#8243; offset=\u00bbvc_col-sm-offset-3&#8243; css=\u00bb.vc_custom_1527239539599{padding-top: 0px !important;}\u00bb][vc_custom_heading text=\u00bbPol\u00edtica de Cookies\u00bb font_container=\u00bbtag:h5|font_size:48|text_align:center\u00bb use_theme_fonts=\u00bbyes\u00bb][vc_column_text woodmart_inline=\u00bbno\u00bb text_larger=\u00bbno\u00bb]<\/p>\n<p style=\"text-align: center;\">Nuestras peque\u00f1as migas en su dispositivo.<\/p>\n<p>[\/vc_column_text][\/vc_column][\/vc_row][vc_row][vc_column css=\u00bb.vc_custom_1527240190798{padding-top: 0px !important;}\u00bb]\r\n\t\t<div id=\"wd-61713d530e2fb\" class=\"title-wrapper wd-wpb set-mb-s reset-last-child  wd-rs-61713d530e2fb wd-title-color-default wd-title-style-default wd-width-100 text-center  wd-underline-colored\">\r\n\t\t\t\r\n\t\t\t<div class=\"liner-continer\">\r\n\t\t\t\t<h3 class=\"woodmart-title-container title  wd-font-weight- wd-fontsize-l\" >QU\u00c9 DATOS GUARDAMOS PARA SU NAVEGACI\u00d3N<\/h3>\r\n\t\t\t\t\t\t\t<\/div>\r\n\t\t\t\r\n\t\t\t\t\t\t\t<div class=\"title-after_title  set-cont-mb-s reset-last-child  wd-fontsize-xs\">\u00daltima actualizaci\u00f3n: Agosto 2021.<\/div>\r\n\t\t\t\r\n\t\t\t\r\n\t\t<\/div>\r\n\t\t\r\n\t\t[\/vc_column][\/vc_row][vc_row][vc_column css=\u00bb.vc_custom_1527240190798{padding-top: 0px !important;}\u00bb][vc_column_text woodmart_inline=\u00bbno\u00bb text_larger=\u00bbno\u00bb]Las cookies son peque\u00f1as cantidades de informaci\u00f3n que se almacenan en el navegador utilizado por cada usuario para que el servidor recuerde cierta informaci\u00f3n que posteriormente pueda utilizar.[\/vc_column_text][\/vc_column][\/vc_row][vc_row css=\u00bb.vc_custom_1655825499263{margin-right: 0px !important;margin-bottom: 25px !important;margin-left: 0px !important;border-top-width: 1px !important;border-right-width: 1px !important;border-bottom-width: 1px !important;border-left-width: 1px !important;padding-top: 30px !important;padding-right: 15px !important;padding-bottom: 30px !important;padding-left: 15px !important;background-color: #ffffff !important;border-left-style: solid !important;border-right-style: solid !important;border-top-style: solid !important;border-bottom-style: solid !important;}\u00bb mobile_bg_img_hidden=\u00bbno\u00bb tablet_bg_img_hidden=\u00bbno\u00bb woodmart_parallax=\u00bb0&#8243; woodmart_gradient_switch=\u00bbno\u00bb row_reverse_mobile=\u00bb0&#8243; row_reverse_tablet=\u00bb0&#8243; woodmart_disable_overflow=\u00bb0&#8243; woodmart_css_id=\u00bb62b1e4577ecbb\u00bb responsive_spacing=\u00bbeyJwYXJhbV90eXBlIjoid29vZG1hcnRfcmVzcG9uc2l2ZV9zcGFjaW5nIiwic2VsZWN0b3JfaWQiOiI2MmIxZTQ1NzdlY2JiIiwic2hvcnRjb2RlIjoidmNfcm93IiwiZGF0YSI6eyJ0YWJsZXQiOnt9LCJtb2JpbGUiOnt9fX0=\u00bb woodmart_box_shadow=\u00bbno\u00bb wd_z_index=\u00bbno\u00bb][vc_column css=\u00bb.vc_custom_1527238251732{padding-top: 0px !important;}\u00bb]\t\t\t<div id=\"wd-61713d9e9e674\" class=\"wd-text-block-wrapper wd-wpb wd-rs-61713d9e9e674 color-scheme-dark wd-width-100 text-left vc_custom_1634811311790\">\r\n\t\t\t\t<div class=\"woodmart-title-container woodmart-text-block reset-last-child font-primary wd-font-weight-600 \">\r\n\t\t\t\t\t<span class=\"color-primary\">1.<\/span> TIPOS DE COOKIES QUE UTILIZAMOS\t\t\t\t<\/div>\r\n\r\n\t\t\t\t\t\t\t<\/div>\r\n\t\t[vc_column_text css=\u00bb.vc_custom_1634811290911{margin-bottom: 0px !important;}\u00bb el_class=\u00bbtext-larger\u00bb woodmart_inline=\u00bbno\u00bb text_larger=\u00bbno\u00bb]Esta p\u00e1gina web utiliza cookies de terceros que son aquellas que se env\u00edan a tu ordenador o terminal desde un dominio o una p\u00e1gina web que no es gestionada por nosotros, sino por otra entidad que trata los datos obtenidos a trav\u00e9s de las cookies.<\/p>\n<p>En este caso las Cookies son utilizadas con fines estad\u00edsticos relacionados con las visitas que recibe y las p\u00e1ginas que se consultan, quedando aceptado su uso al navegar por ella.[\/vc_column_text][\/vc_column][\/vc_row][vc_row css=\u00bb.vc_custom_1655825506763{margin-right: 0px !important;margin-bottom: 25px !important;margin-left: 0px !important;border-top-width: 1px !important;border-right-width: 1px !important;border-bottom-width: 1px !important;border-left-width: 1px !important;padding-top: 30px !important;padding-right: 15px !important;padding-bottom: 30px !important;padding-left: 15px !important;background-color: #ffffff !important;border-left-style: solid !important;border-right-style: solid !important;border-top-style: solid !important;border-bottom-style: solid !important;}\u00bb mobile_bg_img_hidden=\u00bbno\u00bb tablet_bg_img_hidden=\u00bbno\u00bb woodmart_parallax=\u00bb0&#8243; woodmart_gradient_switch=\u00bbno\u00bb row_reverse_mobile=\u00bb0&#8243; row_reverse_tablet=\u00bb0&#8243; woodmart_disable_overflow=\u00bb0&#8243; woodmart_css_id=\u00bb62b1e45f4338e\u00bb responsive_spacing=\u00bbeyJwYXJhbV90eXBlIjoid29vZG1hcnRfcmVzcG9uc2l2ZV9zcGFjaW5nIiwic2VsZWN0b3JfaWQiOiI2MmIxZTQ1ZjQzMzhlIiwic2hvcnRjb2RlIjoidmNfcm93IiwiZGF0YSI6eyJ0YWJsZXQiOnt9LCJtb2JpbGUiOnt9fX0=\u00bb woodmart_box_shadow=\u00bbno\u00bb wd_z_index=\u00bbno\u00bb][vc_column css=\u00bb.vc_custom_1527238251732{padding-top: 0px !important;}\u00bb]\t\t\t<div id=\"wd-61713e235e711\" class=\"wd-text-block-wrapper wd-wpb wd-rs-61713e235e711 color-scheme-dark wd-width-100 text-left vc_custom_1634811435300\">\r\n\t\t\t\t<div class=\"woodmart-title-container woodmart-text-block reset-last-child font-primary wd-font-weight-600 \">\r\n\t\t\t\t\t<span class=\"color-primary\">2.<\/span> TABLA\t\t\t\t<\/div>\r\n\r\n\t\t\t\t\t\t\t<\/div>\r\n\t\t[vc_column_text css=\u00bb.vc_custom_1634811788419{margin-bottom: 0px !important;}\u00bb woodmart_inline=\u00bbno\u00bb text_larger=\u00bbno\u00bb]<\/p>\n<table style=\"height: 282px;\" width=\"911\">\n<tbody>\n<tr>\n<th>COOKIE<br \/>\n(Y PROVEEDOR)<\/th>\n<th>DURACI\u00d3N<\/th>\n<th>DESCRIPCI\u00d3N<\/th>\n<\/tr>\n<tr>\n<td>_ga (Google)<\/td>\n<td>2 a\u00f1os<\/td>\n<td>Se usa para distinguir a los usuarios.<\/td>\n<\/tr>\n<tr>\n<td>_gid (Google)<\/td>\n<td>24 horas<\/td>\n<td>Se usa para distinguir a los usuarios.<\/td>\n<\/tr>\n<tr>\n<td>_dc_gtm (Google)<\/td>\n<td>1\u00a0minuto<\/td>\n<td>Se usa para limitar el porcentaje de solicitudes.<\/td>\n<\/tr>\n<tr>\n<td>_gali (Google)<\/td>\n<td>30s<\/td>\n<td>Atribuci\u00f3n de enlace mejorada.<\/td>\n<\/tr>\n<tr>\n<td>_unam (SHARETHIS)<\/td>\n<td>Persistente<\/td>\n<td>Su finalidad es cuantificar el n\u00famero de Usuarios que comparten un determinado contenido y cu\u00e1ntas p\u00e1ginas web son visitadas a ra\u00edz de esa acci\u00f3n.<\/td>\n<\/tr>\n<tr>\n<td>WordPress<\/td>\n<td>2 a\u00f1os<\/td>\n<td>Utilizado para el correcto funcionamiento del gestor de contenido WordPress.<\/td>\n<\/tr>\n<\/tbody>\n<\/table>\n<p>Si desea m\u00e1s informaci\u00f3n m\u00e1s sobre los tipos de cookies de seguimiento y an\u00e1lisis de datos de Google\u00a0<a class=\"rank-math-link\" href=\"https:\/\/www.google.com\/intl\/es_es\/policies\/technologies\/types\/\" target=\"_blank\" rel=\"noopener noreferrer\">haga clic aqu\u00ed<\/a>.[\/vc_column_text][\/vc_column][\/vc_row][vc_row css=\u00bb.vc_custom_1655825513797{margin-right: 0px !important;margin-left: 0px !important;border-top-width: 1px !important;border-right-width: 1px !important;border-bottom-width: 1px !important;border-left-width: 1px !important;padding-top: 30px !important;padding-right: 15px !important;padding-bottom: 30px !important;padding-left: 15px !important;background-color: #ffffff !important;border-left-style: solid !important;border-right-style: solid !important;border-top-style: solid !important;border-bottom-style: solid !important;}\u00bb mobile_bg_img_hidden=\u00bbno\u00bb tablet_bg_img_hidden=\u00bbno\u00bb woodmart_parallax=\u00bb0&#8243; woodmart_gradient_switch=\u00bbno\u00bb row_reverse_mobile=\u00bb0&#8243; row_reverse_tablet=\u00bb0&#8243; woodmart_disable_overflow=\u00bb0&#8243; woodmart_css_id=\u00bb62b1e4660ad2a\u00bb responsive_spacing=\u00bbeyJwYXJhbV90eXBlIjoid29vZG1hcnRfcmVzcG9uc2l2ZV9zcGFjaW5nIiwic2VsZWN0b3JfaWQiOiI2MmIxZTQ2NjBhZDJhIiwic2hvcnRjb2RlIjoidmNfcm93IiwiZGF0YSI6eyJ0YWJsZXQiOnt9LCJtb2JpbGUiOnt9fX0=\u00bb woodmart_box_shadow=\u00bbno\u00bb wd_z_index=\u00bbno\u00bb][vc_column css=\u00bb.vc_custom_1527238251732{padding-top: 0px !important;}\u00bb]\t\t\t<div id=\"wd-61713ed63e765\" class=\"wd-text-block-wrapper wd-wpb wd-rs-61713ed63e765 color-scheme-dark wd-width-100 text-left vc_custom_1634811617991\">\r\n\t\t\t\t<div class=\"woodmart-title-container woodmart-text-block reset-last-child font-primary wd-font-weight-600 \">\r\n\t\t\t\t\t<span class=\"color-primary\">3.<\/span> CAMBIOS EN LA POLITICA DE COOKIES\t\t\t\t<\/div>\r\n\r\n\t\t\t\t\t\t\t<\/div>\r\n\t\t[vc_column_text css=\u00bb.vc_custom_1634811630162{margin-bottom: 0px !important;}\u00bb el_class=\u00bbtext-larger\u00bb woodmart_inline=\u00bbno\u00bb text_larger=\u00bbno\u00bb]Es posible que la pol\u00edtica web del sitio web cambie o se actualice, es por ello recomendable que el Usuario revise esta pol\u00edtica cada vez que acceda al Sitio web, con el objetivo de estar informado de c\u00f3mo y para qu\u00e9 usamos las cookies.[\/vc_column_text][\/vc_column][\/vc_row]<\/p>\n<\/div>","protected":false},"excerpt":{"rendered":"<p>[vc_row full_width=\u00bbstretch_row\u00bb css=\u00bb.vc_custom_1628690544217{margin-top: -40px !important;margin-bottom: 1vh !important;padding-top: 4vh !important;padding-bottom: 2vh !important;}\u00bb mobile_bg_img_hidden=\u00bbno\u00bb tablet_bg_img_hidden=\u00bbno\u00bb woodmart_parallax=\u00bb0&#8243; woodmart_gradient_switch=\u00bbno\u00bb row_reverse_mobile=\u00bb0&#8243; row_reverse_tablet=\u00bb0&#8243; woodmart_disable_overflow=\u00bb0&#8243;][vc_column width=\u00bb1\/2&#8243; offset=\u00bbvc_col-sm-offset-3&#8243;<\/p>\n","protected":false},"author":1,"featured_media":0,"parent":0,"menu_order":0,"comment_status":"closed","ping_status":"closed","template":"","meta":{"footnotes":""},"class_list":["post-232314","page","type-page","status-publish","hentry"],"_links":{"self":[{"href":"https:\/\/www.magicmoble.com\/web\/wp-json\/wp\/v2\/pages\/232314","targetHints":{"allow":["GET"]}}],"collection":[{"href":"https:\/\/www.magicmoble.com\/web\/wp-json\/wp\/v2\/pages"}],"about":[{"href":"https:\/\/www.magicmoble.com\/web\/wp-json\/wp\/v2\/types\/page"}],"author":[{"embeddable":true,"href":"https:\/\/www.magicmoble.com\/web\/wp-json\/wp\/v2\/users\/1"}],"replies":[{"embeddable":true,"href":"https:\/\/www.magicmoble.com\/web\/wp-json\/wp\/v2\/comments?post=232314"}],"version-history":[{"count":5,"href":"https:\/\/www.magicmoble.com\/web\/wp-json\/wp\/v2\/pages\/232314\/revisions"}],"predecessor-version":[{"id":260602,"href":"https:\/\/www.magicmoble.com\/web\/wp-json\/wp\/v2\/pages\/232314\/revisions\/260602"}],"wp:attachment":[{"href":"https:\/\/www.magicmoble.com\/web\/wp-json\/wp\/v2\/media?parent=232314"}],"curies":[{"name":"wp","href":"https:\/\/api.w.org\/{rel}","templated":true}]}}