{"id":232293,"date":"2020-04-11T15:48:49","date_gmt":"2020-04-11T14:48:49","guid":{"rendered":"https:\/\/www.magicmoble.com\/web\/?page_id=232293"},"modified":"2022-06-21T16:33:04","modified_gmt":"2022-06-21T15:33:04","slug":"politica-privacidad","status":"publish","type":"page","link":"https:\/\/www.magicmoble.com\/web\/politica-privacidad\/","title":{"rendered":"Pol\u00edtica de Privacidad"},"content":{"rendered":"<div class=\"wpb-content-wrapper\"><p>[vc_row full_width=\u00bbstretch_row\u00bb css=\u00bb.vc_custom_1628690544217{margin-top: -40px !important;margin-bottom: 1vh !important;padding-top: 4vh !important;padding-bottom: 2vh !important;}\u00bb mobile_bg_img_hidden=\u00bbno\u00bb tablet_bg_img_hidden=\u00bbno\u00bb woodmart_parallax=\u00bb0&#8243; woodmart_gradient_switch=\u00bbno\u00bb row_reverse_mobile=\u00bb0&#8243; row_reverse_tablet=\u00bb0&#8243; woodmart_disable_overflow=\u00bb0&#8243;][vc_column width=\u00bb1\/2&#8243; offset=\u00bbvc_col-sm-offset-3&#8243; css=\u00bb.vc_custom_1527239539599{padding-top: 0px !important;}\u00bb][vc_custom_heading text=\u00bbPol\u00edtica de Privacidad\u00bb font_container=\u00bbtag:h5|font_size:48|text_align:center\u00bb use_theme_fonts=\u00bbyes\u00bb][vc_column_text woodmart_inline=\u00bbno\u00bb text_larger=\u00bbno\u00bb]<\/p>\n<p style=\"text-align: center;\">Su seguridad con nosotros.<\/p>\n<p>[\/vc_column_text][\/vc_column][\/vc_row][vc_row][vc_column css=\u00bb.vc_custom_1527240190798{padding-top: 0px !important;}\u00bb]\r\n\t\t<div id=\"wd-623057df4287d\" class=\"title-wrapper wd-wpb set-mb-s reset-last-child  wd-rs-623057df4287d wd-title-color-default wd-title-style-default wd-width-100 text-center  wd-underline-colored\">\r\n\t\t\t\r\n\t\t\t<div class=\"liner-continer\">\r\n\t\t\t\t<h3 class=\"woodmart-title-container title  wd-font-weight- wd-fontsize-l\" >QU\u00c9 DATOS PERSONALES RECOPILAMOS Y POR QU\u00c9 LOS RECOPILAMOS<\/h3>\r\n\t\t\t\t\t\t\t<\/div>\r\n\t\t\t\r\n\t\t\t\t\t\t\t<div class=\"title-after_title  set-cont-mb-s reset-last-child  wd-fontsize-xs\">\u00daltima actualizaci\u00f3n: Abril 2022.<\/div>\r\n\t\t\t\r\n\t\t\t\r\n\t\t<\/div>\r\n\t\t\r\n\t\t[\/vc_column][\/vc_row][vc_row css=\u00bb.vc_custom_1655825523270{margin-right: 0px !important;margin-bottom: 25px !important;margin-left: 0px !important;border-top-width: 1px !important;border-right-width: 1px !important;border-bottom-width: 1px !important;border-left-width: 1px !important;padding-top: 30px !important;padding-right: 15px !important;padding-bottom: 30px !important;padding-left: 15px !important;background-color: #ffffff !important;border-left-style: solid !important;border-right-style: solid !important;border-top-style: solid !important;border-bottom-style: solid !important;}\u00bb mobile_bg_img_hidden=\u00bbno\u00bb tablet_bg_img_hidden=\u00bbno\u00bb woodmart_parallax=\u00bb0&#8243; woodmart_gradient_switch=\u00bbno\u00bb row_reverse_mobile=\u00bb0&#8243; row_reverse_tablet=\u00bb0&#8243; woodmart_disable_overflow=\u00bb0&#8243; woodmart_css_id=\u00bb62b1e4702b39a\u00bb responsive_spacing=\u00bbeyJwYXJhbV90eXBlIjoid29vZG1hcnRfcmVzcG9uc2l2ZV9zcGFjaW5nIiwic2VsZWN0b3JfaWQiOiI2MmIxZTQ3MDJiMzlhIiwic2hvcnRjb2RlIjoidmNfcm93IiwiZGF0YSI6eyJ0YWJsZXQiOnt9LCJtb2JpbGUiOnt9fX0=\u00bb woodmart_box_shadow=\u00bbno\u00bb wd_z_index=\u00bbno\u00bb][vc_column css=\u00bb.vc_custom_1527238251732{padding-top: 0px !important;}\u00bb]\t\t\t<div id=\"wd-6113d04fc974b\" class=\"wd-text-block-wrapper wd-wpb wd-rs-6113d04fc974b color-scheme-dark wd-width-100 text-left vc_custom_1628688481332\">\r\n\t\t\t\t<div class=\"woodmart-title-container woodmart-text-block reset-last-child font-primary wd-font-weight-600 \">\r\n\t\t\t\t\t<span class=\"color-primary\">1.<\/span> INFORMACI\u00d3N AL USUARIO\t\t\t\t<\/div>\r\n\r\n\t\t\t\t\t\t\t<\/div>\r\n\t\t[vc_column_text css=\u00bb.vc_custom_1628688535198{margin-bottom: 0px !important;}\u00bb el_class=\u00bbtext-larger\u00bb woodmart_inline=\u00bbno\u00bb text_larger=\u00bbno\u00bb]C-17 interiorisme i reformes SLU, como Responsable del Tratamiento, le informa que, seg\u00fan lo dispuesto en el Reglamento (UE) 2016\/679, de 27 de abril, (RGPD) y en la L.O. 3\/2018, de 5 de diciembre, de protecci\u00f3n de datos y garant\u00eda de los derechos digitales (LOPDGDD), trataremos su datos tal y como reflejamos en la presente Pol\u00edtica de Privacidad.<\/p>\n<p>En esta Pol\u00edtica de Privacidad describimos c\u00f3mo recogemos sus datos personales y por qu\u00e9 los recogemos, qu\u00e9 hacemos con ellos, con qui\u00e9n los compartimos, c\u00f3mo los protegemos y sus opciones en cuanto al tratamiento de sus datos personales.<\/p>\n<p>Esta Pol\u00edtica se aplica al tratamiento de sus datos personales recogidos por la empresa para la prestaci\u00f3n de sus servicios. Si acepta las medidas de esta Pol\u00edtica, acepta que tratemos sus datos personales como se define en esta Pol\u00edtica.[\/vc_column_text][\/vc_column][\/vc_row][vc_row css=\u00bb.vc_custom_1655825529741{margin-right: 0px !important;margin-bottom: 25px !important;margin-left: 0px !important;border-top-width: 1px !important;border-right-width: 1px !important;border-bottom-width: 1px !important;border-left-width: 1px !important;padding-top: 30px !important;padding-right: 15px !important;padding-bottom: 30px !important;padding-left: 15px !important;background-color: #ffffff !important;border-left-style: solid !important;border-right-style: solid !important;border-top-style: solid !important;border-bottom-style: solid !important;}\u00bb mobile_bg_img_hidden=\u00bbno\u00bb tablet_bg_img_hidden=\u00bbno\u00bb woodmart_parallax=\u00bb0&#8243; woodmart_gradient_switch=\u00bbno\u00bb row_reverse_mobile=\u00bb0&#8243; row_reverse_tablet=\u00bb0&#8243; woodmart_disable_overflow=\u00bb0&#8243; woodmart_css_id=\u00bb62b1e476472ee\u00bb responsive_spacing=\u00bbeyJwYXJhbV90eXBlIjoid29vZG1hcnRfcmVzcG9uc2l2ZV9zcGFjaW5nIiwic2VsZWN0b3JfaWQiOiI2MmIxZTQ3NjQ3MmVlIiwic2hvcnRjb2RlIjoidmNfcm93IiwiZGF0YSI6eyJ0YWJsZXQiOnt9LCJtb2JpbGUiOnt9fX0=\u00bb woodmart_box_shadow=\u00bbno\u00bb wd_z_index=\u00bbno\u00bb][vc_column css=\u00bb.vc_custom_1527238251732{padding-top: 0px !important;}\u00bb]\t\t\t<div id=\"wd-6113d159587fa\" class=\"wd-text-block-wrapper wd-wpb wd-rs-6113d159587fa color-scheme-dark wd-width-100 text-left vc_custom_1628688735586\">\r\n\t\t\t\t<div class=\"woodmart-title-container woodmart-text-block reset-last-child font-primary wd-font-weight-600 \">\r\n\t\t\t\t\t<span class=\"color-primary\">2.<\/span> CONTACTO\t\t\t\t<\/div>\r\n\r\n\t\t\t\t\t\t\t<\/div>\r\n\t\t[vc_column_text css=\u00bb.vc_custom_1655458394777{margin-bottom: 0px !important;}\u00bb woodmart_inline=\u00bbno\u00bb text_larger=\u00bbno\u00bb]Denominaci\u00f3n social: C-17 interiorisme i reformes SLU<br \/>\nNombre comercial: magicDeluxe<br \/>\nCIF: B66644055<br \/>\nDomicilio:\u00a0Crta C-17 km16, Parets del Valles<br \/>\ne-mail: info@magicmoble.com[\/vc_column_text][\/vc_column][\/vc_row][vc_row css=\u00bb.vc_custom_1655825536248{margin-right: 0px !important;margin-bottom: 25px !important;margin-left: 0px !important;border-top-width: 1px !important;border-right-width: 1px !important;border-bottom-width: 1px !important;border-left-width: 1px !important;padding-top: 30px !important;padding-right: 15px !important;padding-bottom: 30px !important;padding-left: 15px !important;background-color: #ffffff !important;border-left-style: solid !important;border-right-style: solid !important;border-top-style: solid !important;border-bottom-style: solid !important;}\u00bb mobile_bg_img_hidden=\u00bbno\u00bb tablet_bg_img_hidden=\u00bbno\u00bb woodmart_parallax=\u00bb0&#8243; woodmart_gradient_switch=\u00bbno\u00bb row_reverse_mobile=\u00bb0&#8243; row_reverse_tablet=\u00bb0&#8243; woodmart_disable_overflow=\u00bb0&#8243; woodmart_css_id=\u00bb62b1e47d3b029&#8243; responsive_spacing=\u00bbeyJwYXJhbV90eXBlIjoid29vZG1hcnRfcmVzcG9uc2l2ZV9zcGFjaW5nIiwic2VsZWN0b3JfaWQiOiI2MmIxZTQ3ZDNiMDI5Iiwic2hvcnRjb2RlIjoidmNfcm93IiwiZGF0YSI6eyJ0YWJsZXQiOnt9LCJtb2JpbGUiOnt9fX0=\u00bb woodmart_box_shadow=\u00bbno\u00bb wd_z_index=\u00bbno\u00bb][vc_column css=\u00bb.vc_custom_1527238251732{padding-top: 0px !important;}\u00bb]\t\t\t<div id=\"wd-6113d2175fc30\" class=\"wd-text-block-wrapper wd-wpb wd-rs-6113d2175fc30 color-scheme-dark wd-width-100 text-left vc_custom_1628688927457\">\r\n\t\t\t\t<div class=\"woodmart-title-container woodmart-text-block reset-last-child font-primary wd-font-weight-600 \">\r\n\t\t\t\t\t<span class=\"color-primary\">3.<\/span> PRINCIPIOS CLAVE\t\t\t\t<\/div>\r\n\r\n\t\t\t\t\t\t\t<\/div>\r\n\t\t[vc_column_text css=\u00bb.vc_custom_1628689613067{margin-bottom: 0px !important;}\u00bb el_class=\u00bbtext-larger\u00bb woodmart_inline=\u00bbno\u00bb text_larger=\u00bbno\u00bb]Siempre hemos estado comprometidos con prestar nuestros servicios con el m\u00e1s alto grado de calidad, lo que incluye tratar sus datos con seguridad y transparencia. Nuestros principios son:<\/p>\n<ul>\n<li><strong>Legalidad:<\/strong> Solo recopilaremos sus Datos personales para fines espec\u00edficos, expl\u00edcitos y leg\u00edtimos.<\/li>\n<li><strong>Minimizaci\u00f3n de datos:<\/strong> Limitamos la recogida de datos de car\u00e1cter personal a lo que es estrictamente relevante y necesario para los fines para los que se han recopilado.<\/li>\n<li><strong>Limitaci\u00f3n de la Finalidad:<\/strong> Solo recogeremos sus datos personales para los fines declarados y solo seg\u00fan sus deseos.<\/li>\n<li><strong>Precisi\u00f3n:<\/strong> Mantendremos sus datos personales exactos y actualizados.<\/li>\n<li><strong>Seguridad de los Datos:<\/strong> Aplicamos las medidas t\u00e9cnicas y organizativas adecuadas y proporcionales a los riesgos para garantizar que sus datos no sufran da\u00f1os, tales como divulgaci\u00f3n o acceso no autorizado, la destrucci\u00f3n accidental o il\u00edcita o su p\u00e9rdida accidental o alteraci\u00f3n y cualquier otra forma de tratamiento il\u00edcito.<\/li>\n<li><strong>Acceso y Rectificaci\u00f3n:<\/strong> Disponemos de medios para que acceda o rectifique sus datos cuando lo considere oportuno.<\/li>\n<li><strong>Conservaci\u00f3n:<\/strong> Conservamos sus datos personales de manera legal y apropiada y solo mientras es necesario para los fines para los que se han recopilado.<br \/>\nLas transferencias internacionales: cuando se d\u00e9 el caso de que sus datos vayan a ser transferidos fuera de la UE\/EEE se proteger\u00e1n adecuadamente.<\/li>\n<li><strong>Terceros:<\/strong> El acceso y transferencia de datos personales a terceros se llevan a cabo de acuerdo con las leyes y reglamentos aplicables y con las garant\u00edas contractuales adecuadas.<\/li>\n<li><strong>Marketing Directo y cookies:<\/strong> Cumplimos con la legislaci\u00f3n aplicable en materia de publicidad y cookies.<\/li>\n<\/ul>\n<p>[\/vc_column_text][\/vc_column][\/vc_row][vc_row css=\u00bb.vc_custom_1655825547275{margin-right: 0px !important;margin-bottom: 25px !important;margin-left: 0px !important;border-top-width: 1px !important;border-right-width: 1px !important;border-bottom-width: 1px !important;border-left-width: 1px !important;padding-top: 30px !important;padding-right: 15px !important;padding-bottom: 30px !important;padding-left: 15px !important;background-color: #ffffff !important;border-left-style: solid !important;border-right-style: solid !important;border-top-style: solid !important;border-bottom-style: solid !important;}\u00bb mobile_bg_img_hidden=\u00bbno\u00bb tablet_bg_img_hidden=\u00bbno\u00bb woodmart_parallax=\u00bb0&#8243; woodmart_gradient_switch=\u00bbno\u00bb row_reverse_mobile=\u00bb0&#8243; row_reverse_tablet=\u00bb0&#8243; woodmart_disable_overflow=\u00bb0&#8243; woodmart_css_id=\u00bb62b1e48535fde\u00bb responsive_spacing=\u00bbeyJwYXJhbV90eXBlIjoid29vZG1hcnRfcmVzcG9uc2l2ZV9zcGFjaW5nIiwic2VsZWN0b3JfaWQiOiI2MmIxZTQ4NTM1ZmRlIiwic2hvcnRjb2RlIjoidmNfcm93IiwiZGF0YSI6eyJ0YWJsZXQiOnt9LCJtb2JpbGUiOnt9fX0=\u00bb woodmart_box_shadow=\u00bbno\u00bb wd_z_index=\u00bbno\u00bb][vc_column css=\u00bb.vc_custom_1527238251732{padding-top: 0px !important;}\u00bb]\t\t\t<div id=\"wd-6113d2463d551\" class=\"wd-text-block-wrapper wd-wpb wd-rs-6113d2463d551 color-scheme-dark wd-width-100 text-left vc_custom_1628689001551\">\r\n\t\t\t\t<div class=\"woodmart-title-container woodmart-text-block reset-last-child font-primary wd-font-weight-600 \">\r\n\t\t\t\t\t<span class=\"color-primary\">4.<\/span> RECOGIDA Y TRATAMIENTO DE SUS DATOS PERSONALES\t\t\t\t<\/div>\r\n\r\n\t\t\t\t\t\t\t<\/div>\r\n\t\t[vc_column_text css=\u00bb.vc_custom_1628689568908{margin-bottom: 0px !important;}\u00bb el_class=\u00bbtext-larger\u00bb woodmart_inline=\u00bbno\u00bb text_larger=\u00bbno\u00bb]Las tipos de datos que se pueden solicitar y tratar son:<\/p>\n<ul>\n<li>Datos de car\u00e1cter identificativo.<\/li>\n<\/ul>\n<p>Tambi\u00e9n recogemos de forma autom\u00e1tica datos sobre su visita a nuestro sitio web\u00a0 seg\u00fan se describe en la pol\u00edtica de cookies.<\/p>\n<p>Siempre que solicitemos sus Datos personales, le informaremos con claridad de qu\u00e9 datos personales recogemos y con qu\u00e9 fin. En general, recogemos y tratamos sus datos personales con el prop\u00f3sito de:<\/p>\n<ul>\n<li>Proporcionar informaci\u00f3n, servicios, productos, informaci\u00f3n relevante y novedades en el sector.<\/li>\n<li>Env\u00edo de comunicaciones.<\/li>\n<\/ul>\n<p>[\/vc_column_text][\/vc_column][\/vc_row][vc_row css=\u00bb.vc_custom_1655825557732{margin-right: 0px !important;margin-bottom: 25px !important;margin-left: 0px !important;border-top-width: 1px !important;border-right-width: 1px !important;border-bottom-width: 1px !important;border-left-width: 1px !important;padding-top: 30px !important;padding-right: 15px !important;padding-bottom: 30px !important;padding-left: 15px !important;background-color: #ffffff !important;border-left-style: solid !important;border-right-style: solid !important;border-top-style: solid !important;border-bottom-style: solid !important;}\u00bb mobile_bg_img_hidden=\u00bbno\u00bb tablet_bg_img_hidden=\u00bbno\u00bb woodmart_parallax=\u00bb0&#8243; woodmart_gradient_switch=\u00bbno\u00bb row_reverse_mobile=\u00bb0&#8243; row_reverse_tablet=\u00bb0&#8243; woodmart_disable_overflow=\u00bb0&#8243; woodmart_css_id=\u00bb62b1e4910f4e2&#8243; responsive_spacing=\u00bbeyJwYXJhbV90eXBlIjoid29vZG1hcnRfcmVzcG9uc2l2ZV9zcGFjaW5nIiwic2VsZWN0b3JfaWQiOiI2MmIxZTQ5MTBmNGUyIiwic2hvcnRjb2RlIjoidmNfcm93IiwiZGF0YSI6eyJ0YWJsZXQiOnt9LCJtb2JpbGUiOnt9fX0=\u00bb woodmart_box_shadow=\u00bbno\u00bb wd_z_index=\u00bbno\u00bb][vc_column css=\u00bb.vc_custom_1527238251732{padding-top: 0px !important;}\u00bb]\t\t\t<div id=\"wd-6113d283f1a2b\" class=\"wd-text-block-wrapper wd-wpb wd-rs-6113d283f1a2b color-scheme-dark wd-width-100 text-left vc_custom_1628689034907\">\r\n\t\t\t\t<div class=\"woodmart-title-container woodmart-text-block reset-last-child font-primary wd-font-weight-600 \">\r\n\t\t\t\t\t<span class=\"color-primary\">5.<\/span> LEGITIMIDAD\t\t\t\t<\/div>\r\n\r\n\t\t\t\t\t\t\t<\/div>\r\n\t\t[vc_column_text css=\u00bb.vc_custom_1640212066324{margin-bottom: 0px !important;}\u00bb el_class=\u00bbtext-larger\u00bb woodmart_inline=\u00bbno\u00bb text_larger=\u00bbno\u00bb]De acuerdo con la normativa de protecci\u00f3n de datos aplicable, sus datos personales podr\u00e1n tratarse siempre que:<\/p>\n<ul>\n<li>Nos ha dado su consentimiento a los efectos del tratamiento. Por supuesto podr\u00e1 retirar su consentimiento en cualquier momento.<\/li>\n<li>Por requerimiento legal.<\/li>\n<li>Por existir un inter\u00e9s leg\u00edtimo que no se vea menoscabado por sus derechos de privacidad, como por ejemplo el env\u00edo de informaci\u00f3n comercial bien por suscripci\u00f3n a nuestra newsletter o por su condici\u00f3n de cliente.<\/li>\n<li>Por se necesaria para la prestaci\u00f3n de alguno de nuestros servicios mediante relaci\u00f3n contractual entre usted y nosotros.<\/li>\n<\/ul>\n<p>[\/vc_column_text][\/vc_column][\/vc_row][vc_row css=\u00bb.vc_custom_1655825565127{margin-right: 0px !important;margin-bottom: 25px !important;margin-left: 0px !important;border-top-width: 1px !important;border-right-width: 1px !important;border-bottom-width: 1px !important;border-left-width: 1px !important;padding-top: 30px !important;padding-right: 15px !important;padding-bottom: 30px !important;padding-left: 15px !important;background-color: #ffffff !important;border-left-style: solid !important;border-right-style: solid !important;border-top-style: solid !important;border-bottom-style: solid !important;}\u00bb mobile_bg_img_hidden=\u00bbno\u00bb tablet_bg_img_hidden=\u00bbno\u00bb woodmart_parallax=\u00bb0&#8243; woodmart_gradient_switch=\u00bbno\u00bb row_reverse_mobile=\u00bb0&#8243; row_reverse_tablet=\u00bb0&#8243; woodmart_disable_overflow=\u00bb0&#8243; woodmart_css_id=\u00bb62b1e499cedfa\u00bb responsive_spacing=\u00bbeyJwYXJhbV90eXBlIjoid29vZG1hcnRfcmVzcG9uc2l2ZV9zcGFjaW5nIiwic2VsZWN0b3JfaWQiOiI2MmIxZTQ5OWNlZGZhIiwic2hvcnRjb2RlIjoidmNfcm93IiwiZGF0YSI6eyJ0YWJsZXQiOnt9LCJtb2JpbGUiOnt9fX0=\u00bb woodmart_box_shadow=\u00bbno\u00bb wd_z_index=\u00bbno\u00bb][vc_column css=\u00bb.vc_custom_1527238251732{padding-top: 0px !important;}\u00bb]\t\t\t<div id=\"wd-6113d2ac6f9ed\" class=\"wd-text-block-wrapper wd-wpb wd-rs-6113d2ac6f9ed color-scheme-dark wd-width-100 text-left vc_custom_1628689079693\">\r\n\t\t\t\t<div class=\"woodmart-title-container woodmart-text-block reset-last-child font-primary wd-font-weight-600 \">\r\n\t\t\t\t\t<span class=\"color-primary\">6.<\/span> COMUNICACI\u00d3N DE DATOS PERSONALES\t\t\t\t<\/div>\r\n\r\n\t\t\t\t\t\t\t<\/div>\r\n\t\t[vc_column_text css=\u00bb.vc_custom_1655458423029{margin-bottom: 0px !important;}\u00bb el_class=\u00bbtext-larger\u00bb woodmart_inline=\u00bbno\u00bb text_larger=\u00bbno\u00bb]Los datos pueden ser comunicados a empresas relacionadas con\u00a0MAGICMOBLE para la prestaci\u00f3n de los diversos servicios en calidad de Encargados del Tratamiento. La empresa no realizar\u00e1 ninguna cesi\u00f3n, salvo por obligaci\u00f3n legal.[\/vc_column_text][\/vc_column][\/vc_row][vc_row css=\u00bb.vc_custom_1655825569568{margin-right: 0px !important;margin-bottom: 25px !important;margin-left: 0px !important;border-top-width: 1px !important;border-right-width: 1px !important;border-bottom-width: 1px !important;border-left-width: 1px !important;padding-top: 30px !important;padding-right: 15px !important;padding-bottom: 30px !important;padding-left: 15px !important;background-color: #ffffff !important;border-left-style: solid !important;border-right-style: solid !important;border-top-style: solid !important;border-bottom-style: solid !important;}\u00bb mobile_bg_img_hidden=\u00bbno\u00bb tablet_bg_img_hidden=\u00bbno\u00bb woodmart_parallax=\u00bb0&#8243; woodmart_gradient_switch=\u00bbno\u00bb row_reverse_mobile=\u00bb0&#8243; row_reverse_tablet=\u00bb0&#8243; woodmart_disable_overflow=\u00bb0&#8243; woodmart_css_id=\u00bb62b1e49e954b0&#8243; responsive_spacing=\u00bbeyJwYXJhbV90eXBlIjoid29vZG1hcnRfcmVzcG9uc2l2ZV9zcGFjaW5nIiwic2VsZWN0b3JfaWQiOiI2MmIxZTQ5ZTk1NGIwIiwic2hvcnRjb2RlIjoidmNfcm93IiwiZGF0YSI6eyJ0YWJsZXQiOnt9LCJtb2JpbGUiOnt9fX0=\u00bb woodmart_box_shadow=\u00bbno\u00bb wd_z_index=\u00bbno\u00bb][vc_column css=\u00bb.vc_custom_1527238251732{padding-top: 0px !important;}\u00bb]\t\t\t<div id=\"wd-6113d3a98fe20\" class=\"wd-text-block-wrapper wd-wpb wd-rs-6113d3a98fe20 color-scheme-dark wd-width-100 text-left vc_custom_1628689327527\">\r\n\t\t\t\t<div class=\"woodmart-title-container woodmart-text-block reset-last-child font-primary wd-font-weight-600 \">\r\n\t\t\t\t\t<span class=\"color-primary\">7.<\/span> SUS DERECHOS\t\t\t\t<\/div>\r\n\r\n\t\t\t\t\t\t\t<\/div>\r\n\t\t[vc_column_text css=\u00bb.vc_custom_1628689721235{margin-bottom: 0px !important;}\u00bb el_class=\u00bbtext-larger\u00bb woodmart_inline=\u00bbno\u00bb text_larger=\u00bbno\u00bb]En relaci\u00f3n con la recogida y tratamiento de sus datos personales, puede ponerse en contacto con nosotros en cualquier momento para:<\/p>\n<ul>\n<li>Acceder a sus datos personales y a cualquier otra informaci\u00f3n indicada en el Art\u00edculo 15.1 del RGPD.<\/li>\n<li>Rectificar sus datos personales que sean inexactos o est\u00e9n incompletos de acuerdo con el Art\u00edculo 16 del RGPD.<\/li>\n<li>Suprimir sus datos personales de acuerdo con el Art\u00edculo 17 del RGPD.<\/li>\n<li>Limitar el tratamiento de sus datos personales de acuerdo con el Art\u00edculo 18 del RGPD.<\/li>\n<li>Solicitar la portabilidad de sus datos de acuerdo con el Art\u00edculo 20 del RGPD.<\/li>\n<li>Oponerse al tratamiento de sus datos personales de acuerdo con el art\u00edculo 21 del RGPD.<\/li>\n<\/ul>\n<p>Si ha otorgado su consentimiento para alguna finalidad concreta, tiene derecho a retirar el consentimiento otorgado en cualquier momento, sin que ello afecte a la licitud del tratamiento basado en el consentimiento previo a su retirada.<\/p>\n<p>Puede ejercer estos derechos enviando comunicaci\u00f3n, motivada y acreditada, a info@magicdeluxe.es<\/p>\n<p>Tambi\u00e9n tiene derecho a presentar una reclamaci\u00f3n ante la Autoridad de control competente (www.aepd.es) si\u00a0considera que el tratamiento no se ajusta a la normativa vigente.[\/vc_column_text][\/vc_column][\/vc_row][vc_row css=\u00bb.vc_custom_1655825577368{margin-right: 0px !important;margin-left: 0px !important;border-top-width: 1px !important;border-right-width: 1px !important;border-bottom-width: 1px !important;border-left-width: 1px !important;padding-top: 30px !important;padding-right: 15px !important;padding-bottom: 30px !important;padding-left: 15px !important;background-color: #ffffff !important;border-left-style: solid !important;border-right-style: solid !important;border-top-style: solid !important;border-bottom-style: solid !important;}\u00bb mobile_bg_img_hidden=\u00bbno\u00bb tablet_bg_img_hidden=\u00bbno\u00bb woodmart_parallax=\u00bb0&#8243; woodmart_gradient_switch=\u00bbno\u00bb row_reverse_mobile=\u00bb0&#8243; row_reverse_tablet=\u00bb0&#8243; woodmart_disable_overflow=\u00bb0&#8243; woodmart_css_id=\u00bb62b1e4a58e1d0&#8243; responsive_spacing=\u00bbeyJwYXJhbV90eXBlIjoid29vZG1hcnRfcmVzcG9uc2l2ZV9zcGFjaW5nIiwic2VsZWN0b3JfaWQiOiI2MmIxZTRhNThlMWQwIiwic2hvcnRjb2RlIjoidmNfcm93IiwiZGF0YSI6eyJ0YWJsZXQiOnt9LCJtb2JpbGUiOnt9fX0=\u00bb woodmart_box_shadow=\u00bbno\u00bb wd_z_index=\u00bbno\u00bb][vc_column css=\u00bb.vc_custom_1527238251732{padding-top: 0px !important;}\u00bb]\t\t\t<div id=\"wd-6113dc7a900bc\" class=\"wd-text-block-wrapper wd-wpb wd-rs-6113dc7a900bc color-scheme-dark wd-width-100 text-left vc_custom_1628691582931\">\r\n\t\t\t\t<div class=\"woodmart-title-container woodmart-text-block reset-last-child font-primary wd-font-weight-600 \">\r\n\t\t\t\t\t<span class=\"color-primary\">8.<\/span> INFORMACI\u00d3N LEGAL\t\t\t\t<\/div>\r\n\r\n\t\t\t\t\t\t\t<\/div>\r\n\t\t[vc_column_text css=\u00bb.vc_custom_1628689378398{margin-bottom: 0px !important;}\u00bb el_class=\u00bbtext-larger\u00bb woodmart_inline=\u00bbno\u00bb text_larger=\u00bbno\u00bb]Los requisitos de esta Pol\u00edtica complementan, y no reemplazan, cualquier otro requisito existente bajo la ley de protecci\u00f3n de datos aplicable, que ser\u00e1 la que prevalezca en cualquier caso.<\/p>\n<p>Esta Pol\u00edtica est\u00e1 sujeta a revisiones peri\u00f3dicas y la empresa puede modificarla en cualquier momento. Cuando esto ocurra, le avisaremos de cualquier cambio y le pediremos que vuelva a leer la versi\u00f3n m\u00e1s reciente de nuestra Pol\u00edtica y que confirme su aceptaci\u00f3n.[\/vc_column_text][\/vc_column][\/vc_row]<\/p>\n<\/div>","protected":false},"excerpt":{"rendered":"<p>[vc_row full_width=\u00bbstretch_row\u00bb css=\u00bb.vc_custom_1628690544217{margin-top: -40px !important;margin-bottom: 1vh !important;padding-top: 4vh !important;padding-bottom: 2vh !important;}\u00bb mobile_bg_img_hidden=\u00bbno\u00bb tablet_bg_img_hidden=\u00bbno\u00bb woodmart_parallax=\u00bb0&#8243; woodmart_gradient_switch=\u00bbno\u00bb row_reverse_mobile=\u00bb0&#8243; row_reverse_tablet=\u00bb0&#8243; woodmart_disable_overflow=\u00bb0&#8243;][vc_column width=\u00bb1\/2&#8243; offset=\u00bbvc_col-sm-offset-3&#8243;<\/p>\n","protected":false},"author":1,"featured_media":0,"parent":0,"menu_order":0,"comment_status":"closed","ping_status":"closed","template":"","meta":{"footnotes":""},"class_list":["post-232293","page","type-page","status-publish","hentry"],"_links":{"self":[{"href":"https:\/\/www.magicmoble.com\/web\/wp-json\/wp\/v2\/pages\/232293","targetHints":{"allow":["GET"]}}],"collection":[{"href":"https:\/\/www.magicmoble.com\/web\/wp-json\/wp\/v2\/pages"}],"about":[{"href":"https:\/\/www.magicmoble.com\/web\/wp-json\/wp\/v2\/types\/page"}],"author":[{"embeddable":true,"href":"https:\/\/www.magicmoble.com\/web\/wp-json\/wp\/v2\/users\/1"}],"replies":[{"embeddable":true,"href":"https:\/\/www.magicmoble.com\/web\/wp-json\/wp\/v2\/comments?post=232293"}],"version-history":[{"count":5,"href":"https:\/\/www.magicmoble.com\/web\/wp-json\/wp\/v2\/pages\/232293\/revisions"}],"predecessor-version":[{"id":260603,"href":"https:\/\/www.magicmoble.com\/web\/wp-json\/wp\/v2\/pages\/232293\/revisions\/260603"}],"wp:attachment":[{"href":"https:\/\/www.magicmoble.com\/web\/wp-json\/wp\/v2\/media?parent=232293"}],"curies":[{"name":"wp","href":"https:\/\/api.w.org\/{rel}","templated":true}]}}